{"id":35,"date":"2024-07-18T08:45:31","date_gmt":"2024-07-18T05:45:31","guid":{"rendered":"https:\/\/fuksille.indecs.fi\/etusivu-suomi\/"},"modified":"2025-07-18T13:20:11","modified_gmt":"2025-07-18T10:20:11","slug":"etusivu-suomi","status":"publish","type":"page","link":"https:\/\/fuksille.indecs.fi\/en\/","title":{"rendered":"Welcome!"},"content":{"rendered":"<p class=\"has-link-color has-medium-font-size wp-elements-df80d0aa82682333f62c9bdcbb549968\"><strong>Congratulations on your choice to come study Industrial Engineering and Management in Tampere University! So wonderful that you are here! On these pages you can find a lot of useful information on our student association and the Finnish student culture. So it\u2019s well worth your time to read through carefully.<\/strong><\/p>\n\n\n\n<div style=\"height:50px\" aria-hidden=\"true\" class=\"wp-block-spacer\"><\/div>\n\n\n\n<div data-aos= \"zoom-in\" data-aos-duration=\"400\" data-aos-delay=\"0\" data-aos-easing=\"ease\" data-aos-once=\"true\" class=\"wp-block-uagb-call-to-action uagb-block-545c3b7a wp-block-button\"><div class=\"uagb-cta__wrap\"><h3 class=\"uagb-cta__title\">Freshman-Infacto 2025 will be published 5.8.!<\/h3><p class=\"uagb-cta__desc\">The second number of our guild magazine <em>Infacto<\/em> is intended as evening reading for upcoming freshmen before the start of orientation week!<br><br><br><br><br><br><br><br><br><\/p><\/div><div class=\"uagb-cta__buttons\"><a href=\"https:\/\/https:\/\/indecs.fi\/infacto\/\" class=\"uagb-cta__button-link-wrapper wp-block-button__link\" target=\"_blank\" rel=\"noopener noreferrer\">Check it out!<\/a><\/div><\/div>\n\n\n\n<div style=\"height:50px\" aria-hidden=\"true\" class=\"wp-block-spacer\"><\/div>\n\n\n\n<div class=\"wp-block-columns is-layout-flex wp-container-core-columns-is-layout-1 wp-block-columns-is-layout-flex\">\n<div class=\"wp-block-column is-layout-flow wp-block-column-is-layout-flow\">\n<div class=\"wp-block-uagb-info-box uagb-block-ad6e62dc uagb-infobox__content-wrap  uagb-infobox-icon-above-title uagb-infobox-image-valign-top\"><div class=\"uagb-ifb-content\"><div class=\"uagb-ifb-image-content\"><img decoding=\"async\" src=\"https:\/\/fuksille.indecs.fi\/wp-content\/uploads\/sites\/7\/2023\/06\/DSC_0450-1536x1024-1-300x200.jpg\" alt=\"\" width=\"300\" height=\"200\" loading=\"lazy\" \/><\/div><div class=\"uagb-ifb-title-wrap\"><h3 class=\"uagb-ifb-title\"><a href=\"https:\/\/fuksille.indecs.fi\/en\/etusivu-suomi\/kilta\/\" data-type=\"page\" data-id=\"184\">Guild<\/a><\/h3><\/div><p class=\"uagb-ifb-desc\">Learn about the activities of Indecs<\/p><\/div><\/div>\n<\/div>\n\n\n\n<div class=\"wp-block-column is-layout-flow wp-block-column-is-layout-flow\">\n<div class=\"wp-block-uagb-info-box uagb-block-e5290ccf uagb-infobox__content-wrap  uagb-infobox-icon-above-title uagb-infobox-image-valign-top\"><div class=\"uagb-ifb-content\"><div class=\"uagb-ifb-image-content\"><img decoding=\"async\" src=\"https:\/\/fuksille.indecs.fi\/wp-content\/uploads\/sites\/7\/2023\/07\/DSC_0001-300x200.jpg\" alt=\"\" width=\"300\" height=\"200\" loading=\"lazy\" \/><\/div><div class=\"uagb-ifb-title-wrap\"><h3 class=\"uagb-ifb-title\"><a href=\"https:\/\/fuksille.indecs.fi\/en\/etusivu-suomi\/teekkarikulttuuri\/\" data-type=\"page\" data-id=\"195\">Culture<\/a><\/h3><\/div><p class=\"uagb-ifb-desc\">Short introduction to the Finnish techincal students culture<\/p><\/div><\/div>\n<\/div>\n\n\n\n<div class=\"wp-block-column is-layout-flow wp-block-column-is-layout-flow\">\n<div class=\"wp-block-uagb-info-box uagb-block-625e08dc uagb-infobox__content-wrap  uagb-infobox-icon-above-title uagb-infobox-image-valign-top\"><div class=\"uagb-ifb-content\"><div class=\"uagb-ifb-image-content\"><img decoding=\"async\" src=\"https:\/\/fuksille.indecs.fi\/wp-content\/uploads\/sites\/7\/2023\/07\/DSC_0050-300x200.jpg\" alt=\"\" width=\"300\" height=\"200\" loading=\"lazy\" \/><\/div><div class=\"uagb-ifb-title-wrap\"><h3 class=\"uagb-ifb-title\"><a href=\"https:\/\/fuksille.indecs.fi\/en\/etusivu-suomi\/opinnot\/\" data-type=\"page\" data-id=\"201\">Studies<\/a><\/h3><\/div><p class=\"uagb-ifb-desc\">This is only for Finnish students<\/p><\/div><\/div>\n<\/div>\n\n\n\n<div class=\"wp-block-column is-layout-flow wp-block-column-is-layout-flow\">\n<div class=\"wp-block-uagb-info-box uagb-block-031ad257 uagb-infobox__content-wrap  uagb-infobox-icon-above-title uagb-infobox-image-valign-top\"><div class=\"uagb-ifb-content\"><div class=\"uagb-ifb-image-content\"><img decoding=\"async\" src=\"https:\/\/fuksille.indecs.fi\/wp-content\/uploads\/sites\/7\/2023\/07\/MG_0579.jpg\" alt=\"\" width=\"2048\" height=\"1365\" loading=\"lazy\" \/><\/div><div class=\"uagb-ifb-title-wrap\"><h3 class=\"uagb-ifb-title\"><a href=\"https:\/\/fuksille.indecs.fi\/en\/etusivu-suomi\/kilta\/\" data-type=\"page\" data-id=\"184\">Links<\/a><\/h3><\/div><p class=\"uagb-ifb-desc\">Here you can find links to useful pages<\/p><\/div><\/div>\n<\/div>\n<\/div>\n\n\n\n<div class=\"wp-block-group alignfull has-global-padding is-layout-constrained wp-block-group-is-layout-constrained\">\n<h3 class=\"wp-block-heading\"><strong>General<\/strong><\/h3>\n\n\n\n<p class=\"has-link-color wp-elements-2ac8b7b45394df847d4949a9511c3f5d\">What is Indecs?<br><br>Indecs is the student\u2019s association, also known as guild, of industrial engineering and management students in Tampere University. Indecs has around 500 members, most of whom are students of the field. As a member of the guild, you get to enjoy many <a href=\"https:\/\/indecs.fi\/tapahtumat\/\" data-type=\"URL\" data-id=\"https:\/\/indecs.fi\/tapahtumat\/\" target=\"_blank\" rel=\"noreferrer noopener\">events<\/a> and the services of <a href=\"https:\/\/indecs.fi\/kiltahuone\" data-type=\"URL\" data-id=\"https:\/\/indecs.fi\/kiltahuone\" target=\"_blank\" rel=\"noreferrer noopener\">the guild room<\/a> , both of which are maintained by <a href=\"https:\/\/indecs.fi\/hallitus\" data-type=\"URL\" data-id=\"https:\/\/indecs.fi\/hallitus\" target=\"_blank\" rel=\"noreferrer noopener\">a board<\/a>.<\/p>\n<\/div>\n\n\n\n<div class=\"wp-block-group alignfull has-global-padding is-layout-constrained wp-block-group-is-layout-constrained\">\n<div style=\"height:50px\" aria-hidden=\"true\" class=\"wp-block-spacer\"><\/div>\n\n\n\n<h3 class=\"wp-block-heading\"><strong>Fuksitiimi 2024<\/strong><\/h3>\n\n\n\n<p>Haloooo!<br>We're this year's fuksi team, and we'll be organizing all kinds of fun stuff for you throughout your fuksi year. We're so excited that you're coming to study at Indecs! If you have ANY questions or you're feeling unsure about the start of your studies, don't hesitate to message us on Telegram. Stay tuned!<\/p>\n\n\n\n<figure class=\"wp-block-gallery has-nested-images columns-default is-cropped wp-block-gallery-1 is-layout-flex wp-block-gallery-is-layout-flex\">\n<figure class=\"wp-block-image size-full\"><img loading=\"lazy\" decoding=\"async\" width=\"533\" height=\"800\" src=\"https:\/\/fuksille.indecs.fi\/wp-content\/uploads\/sites\/7\/2024\/07\/Kasper.jpeg\" alt=\"\" class=\"wp-image-722\" srcset=\"https:\/\/fuksille.indecs.fi\/wp-content\/uploads\/sites\/7\/2024\/07\/Kasper.jpeg 533w, https:\/\/fuksille.indecs.fi\/wp-content\/uploads\/sites\/7\/2024\/07\/Kasper-200x300.jpeg 200w, https:\/\/fuksille.indecs.fi\/wp-content\/uploads\/sites\/7\/2024\/07\/Kasper-8x12.jpeg 8w\" sizes=\"(max-width: 533px) 100vw, 533px\" \/><figcaption class=\"wp-element-caption\"><strong>Kasper Myllykangas<br>Fuksi officer<\/strong><br>Telegram: <a href=\"http:\/\/t.me\/hasirouli\">@hasirouli<\/a><\/figcaption><\/figure>\n\n\n\n<figure class=\"wp-block-image size-large\"><img loading=\"lazy\" decoding=\"async\" width=\"683\" height=\"1024\" src=\"https:\/\/fuksille.indecs.fi\/wp-content\/uploads\/sites\/7\/2024\/07\/Nelli-1-683x1024.jpeg\" alt=\"\" class=\"wp-image-723\" srcset=\"https:\/\/fuksille.indecs.fi\/wp-content\/uploads\/sites\/7\/2024\/07\/Nelli-1-683x1024.jpeg 683w, https:\/\/fuksille.indecs.fi\/wp-content\/uploads\/sites\/7\/2024\/07\/Nelli-1-200x300.jpeg 200w, https:\/\/fuksille.indecs.fi\/wp-content\/uploads\/sites\/7\/2024\/07\/Nelli-1-768x1152.jpeg 768w, https:\/\/fuksille.indecs.fi\/wp-content\/uploads\/sites\/7\/2024\/07\/Nelli-1-1024x1536.jpeg 1024w, https:\/\/fuksille.indecs.fi\/wp-content\/uploads\/sites\/7\/2024\/07\/Nelli-1-1365x2048.jpeg 1365w, https:\/\/fuksille.indecs.fi\/wp-content\/uploads\/sites\/7\/2024\/07\/Nelli-1-8x12.jpeg 8w, https:\/\/fuksille.indecs.fi\/wp-content\/uploads\/sites\/7\/2024\/07\/Nelli-1-scaled.jpeg 1707w\" sizes=\"(max-width: 683px) 100vw, 683px\" \/><figcaption class=\"wp-element-caption\"><strong>Nelli Berg<br>Fuksi officer<\/strong><br>Telegram: <a href=\"http:\/\/t.me\/nelliberg\">@nelliberg<\/a><\/figcaption><\/figure>\n\n\n\n<figure class=\"wp-block-image size-large\"><img loading=\"lazy\" decoding=\"async\" width=\"821\" height=\"1024\" src=\"https:\/\/fuksille.indecs.fi\/wp-content\/uploads\/sites\/7\/2023\/07\/photo_2023-07-01_13-57-08-821x1024.jpg\" alt=\"\" class=\"wp-image-230\" srcset=\"https:\/\/fuksille.indecs.fi\/wp-content\/uploads\/sites\/7\/2023\/07\/photo_2023-07-01_13-57-08-821x1024.jpg 821w, https:\/\/fuksille.indecs.fi\/wp-content\/uploads\/sites\/7\/2023\/07\/photo_2023-07-01_13-57-08-240x300.jpg 240w, https:\/\/fuksille.indecs.fi\/wp-content\/uploads\/sites\/7\/2023\/07\/photo_2023-07-01_13-57-08-768x958.jpg 768w, https:\/\/fuksille.indecs.fi\/wp-content\/uploads\/sites\/7\/2023\/07\/photo_2023-07-01_13-57-08.jpg 1026w\" sizes=\"(max-width: 821px) 100vw, 821px\" \/><figcaption class=\"wp-element-caption\"><strong>Elena M\u00e4ki<br>Fuksi captain<\/strong><br>Telegram: <a href=\"https:\/\/t.me\/elenamakii\" data-type=\"URL\" data-id=\"https:\/\/t.me\/elenamakii\" target=\"_blank\" rel=\"noreferrer noopener\">@elenamakii<\/a><\/figcaption><\/figure>\n<\/figure>\n<\/div>\n\n\n\n<div style=\"height:50px\" aria-hidden=\"true\" class=\"wp-block-spacer\"><\/div>\n\n\n\n<h3 class=\"wp-block-heading has-text-align-left\"><strong>Orientaatioviikon aikataulu<\/strong> <strong>2024<\/strong><\/h3>\n\n\n\n<p class=\"has-text-align-left\">Tutustu orientaatioviikon aikatauluun! Orientaatioviikko p\u00e4r\u00e4ht\u00e4\u00e4 k\u00e4yntiin sunnuntaina 18.8. Kickstartin merkeiss\u00e4 Hervannan kampuksen Etunurtsilla. Suuntaa siis tuolloin Etunurtsille ja valkohalaarisen kansan luo!<\/p>\n\n\n\n<div class=\"wp-block-group has-global-padding is-layout-constrained wp-block-group-is-layout-constrained\">\n<div style=\"height:50px\" aria-hidden=\"true\" class=\"wp-block-spacer\"><\/div>\n\n\n\n<p class=\"has-text-align-center\">                                                                        <img loading=\"lazy\" decoding=\"async\" width=\"2000\" height=\"1481\" class=\"wp-image-754\" style=\"width: 800px\" src=\"https:\/\/fuksille.indecs.fi\/wp-content\/uploads\/sites\/7\/2024\/08\/Orientaatioviikon-aikataulu-1.png\" alt=\"\" srcset=\"https:\/\/fuksille.indecs.fi\/wp-content\/uploads\/sites\/7\/2024\/08\/Orientaatioviikon-aikataulu-1.png 2000w, https:\/\/fuksille.indecs.fi\/wp-content\/uploads\/sites\/7\/2024\/08\/Orientaatioviikon-aikataulu-1-300x222.png 300w, https:\/\/fuksille.indecs.fi\/wp-content\/uploads\/sites\/7\/2024\/08\/Orientaatioviikon-aikataulu-1-1024x758.png 1024w, https:\/\/fuksille.indecs.fi\/wp-content\/uploads\/sites\/7\/2024\/08\/Orientaatioviikon-aikataulu-1-768x569.png 768w, https:\/\/fuksille.indecs.fi\/wp-content\/uploads\/sites\/7\/2024\/08\/Orientaatioviikon-aikataulu-1-1536x1137.png 1536w, https:\/\/fuksille.indecs.fi\/wp-content\/uploads\/sites\/7\/2024\/08\/Orientaatioviikon-aikataulu-1-16x12.png 16w\" sizes=\"(max-width: 2000px) 100vw, 2000px\" \/><\/p>\n<\/div>\n\n\n\n<div style=\"height:50px\" aria-hidden=\"true\" class=\"wp-block-spacer\"><\/div>\n\n\n\n<h3 class=\"wp-block-heading\"><strong>Before coming to Tampere<\/strong><\/h3>\n\n\n\n<p>There are a few things that you should do before starting your studies in Tampere!<\/p>\n\n\n\n<div style=\"height:50px\" aria-hidden=\"true\" class=\"wp-block-spacer\"><\/div>\n\n\n\n<h4 class=\"wp-block-heading\">Homework<\/h4>\n\n\n\n<div class=\"wp-block-columns is-layout-flex wp-container-core-columns-is-layout-4 wp-block-columns-is-layout-flex\">\n<div class=\"wp-block-column is-layout-flow wp-block-column-is-layout-flow\">\n<div class=\"wp-block-columns is-layout-flex wp-container-core-columns-is-layout-2 wp-block-columns-is-layout-flex\">\n<div class=\"wp-block-column is-layout-flow wp-block-column-is-layout-flow\" style=\"flex-basis:66.66%\">\n<h5 class=\"wp-block-heading\"><span style=\"text-decoration: underline\">TELEGRAM<\/span><\/h5>\n<\/div>\n<\/div>\n\n\n\n<p>Download the Telegram app. Most of the communication among students is done through Telegram. After downloading the app, please join our freshmen group via these links.<\/p>\n\n\n\n<p class=\" translation-block\"><strong>This is how to use Telegram:<\/strong><br>1. Download Telegram from your phone's app store<br>2. Register as a user<br>3. Join the <a href=\"https:\/\/t.me\/+5phZOPHlpkAwNmU8\" target=\"_self\">Indecs International Fuksis 2024<\/a> -group<\/p>\n<\/div>\n\n\n\n<div class=\"wp-block-column is-layout-flow wp-block-column-is-layout-flow\">\n<div class=\"wp-block-columns is-layout-flex wp-container-core-columns-is-layout-3 wp-block-columns-is-layout-flex\">\n<div class=\"wp-block-column is-layout-flow wp-block-column-is-layout-flow\" style=\"flex-basis:66.66%\">\n<h5 class=\"wp-block-heading\"><span style=\"text-decoration: underline\">Studies<\/span><\/h5>\n<\/div>\n<\/div>\n\n\n\n<p class=\" translation-block\">There are two organizations offering accommodation in Tampere. You can find more information on them in their own web pages: <a href=\"https:\/\/toas.fi\/en\/\" target=\"_self\">TOAS<\/a> and <a href=\"https:\/\/poas.fi\/en\/\" target=\"_self\">POAS<\/a><\/p>\n<\/div>\n\n\n\n<div class=\"wp-block-column is-layout-flow wp-block-column-is-layout-flow\">\n<h5 class=\"wp-block-heading\"><span style=\"text-decoration: underline\">Other<\/span><\/h5>\n\n\n\n<p class=\" translation-block\">If you have other concerns regarding studying in Tampere you can always ask our tutors in the Telegram group or Indecs\u2019 International Student Officer Elina Rantala via Telegram <a href=\"t.me\/elinarantala\" target=\"_self\">@elinarantala<\/a> or email elina.rantala@tuni.fi<\/p>\n<\/div>\n<\/div>\n\n\n\n<div class=\"wp-block-group alignfull has-link-color wp-elements-a13703a0dfb582c534376654eed55f51 has-global-padding is-layout-constrained wp-block-group-is-layout-constrained\"><\/div>\n\n\n\n<p><\/p>","protected":false},"excerpt":{"rendered":"<p>Suuret onnittelut valinnasta aloittaa tuotantotalouden opinnot Tampereen Yliopiston Hervannan kampuksella. Ihanaa, ett\u00e4 olet t\u00e4\u00e4ll\u00e4! N\u00e4ilt\u00e4 sivuilta l\u00f6yd\u00e4t paljon hy\u00f6dyllist\u00e4 tietoa ja infoa opiskeluiden alkamiseen liittyen. Kannattaakin tutustua sivuihin huolella! Yleist\u00e4 [&hellip;]<\/p>","protected":false},"author":1,"featured_media":142,"parent":0,"menu_order":0,"comment_status":"closed","ping_status":"closed","template":"","meta":{"_uag_custom_page_level_css":"","_EventAllDay":false,"_EventTimezone":"","_EventStartDate":"","_EventEndDate":"","_EventStartDateUTC":"","_EventEndDateUTC":"","_EventShowMap":false,"_EventShowMapLink":false,"_EventURL":"","_EventCost":"","_EventCostDescription":"","_EventCurrencySymbol":"","_EventCurrencyCode":"","_EventCurrencyPosition":"","_EventDateTimeSeparator":"","_EventTimeRangeSeparator":"","_EventOrganizerID":[],"_EventVenueID":[],"_OrganizerEmail":"","_OrganizerPhone":"","_OrganizerWebsite":"","_VenueAddress":"","_VenueCity":"","_VenueCountry":"","_VenueProvince":"","_VenueState":"","_VenueZip":"","_VenuePhone":"","_VenueURL":"","_VenueStateProvince":"","_VenueLat":"","_VenueLng":"","_VenueShowMap":false,"_VenueShowMapLink":false,"footnotes":""},"categories":[],"tags":[],"class_list":["post-35","page","type-page","status-publish","has-post-thumbnail","hentry"],"uagb_featured_image_src":{"full":["https:\/\/fuksille.indecs.fi\/wp-content\/uploads\/sites\/7\/2023\/04\/kayra.png",2167,999,false],"thumbnail":["https:\/\/fuksille.indecs.fi\/wp-content\/uploads\/sites\/7\/2023\/04\/kayra-150x150.png",150,150,true],"medium":["https:\/\/fuksille.indecs.fi\/wp-content\/uploads\/sites\/7\/2023\/04\/kayra-300x138.png",300,138,true],"medium_large":["https:\/\/fuksille.indecs.fi\/wp-content\/uploads\/sites\/7\/2023\/04\/kayra-768x354.png",768,354,true],"large":["https:\/\/fuksille.indecs.fi\/wp-content\/uploads\/sites\/7\/2023\/04\/kayra-1024x472.png",1024,472,true],"1536x1536":["https:\/\/fuksille.indecs.fi\/wp-content\/uploads\/sites\/7\/2023\/04\/kayra-1536x708.png",1536,708,true],"2048x2048":["https:\/\/fuksille.indecs.fi\/wp-content\/uploads\/sites\/7\/2023\/04\/kayra-2048x944.png",2048,944,true],"trp-custom-language-flag":["https:\/\/fuksille.indecs.fi\/wp-content\/uploads\/sites\/7\/2023\/04\/kayra.png",18,8,false]},"uagb_author_info":{"display_name":"Datatoimari","author_link":"https:\/\/fuksille.indecs.fi\/en\/author\/datatoimari\/"},"uagb_comment_info":0,"uagb_excerpt":"Suuret onnittelut valinnasta aloittaa tuotantotalouden opinnot Tampereen Yliopiston Hervannan kampuksella. Ihanaa, ett\u00e4 olet t\u00e4\u00e4ll\u00e4! N\u00e4ilt\u00e4 sivuilta l\u00f6yd\u00e4t paljon hy\u00f6dyllist\u00e4 tietoa ja infoa opiskeluiden alkamiseen liittyen. Kannattaakin tutustua sivuihin huolella! Yleist\u00e4 [&hellip;]","_links":{"self":[{"href":"https:\/\/fuksille.indecs.fi\/en\/wp-json\/wp\/v2\/pages\/35"}],"collection":[{"href":"https:\/\/fuksille.indecs.fi\/en\/wp-json\/wp\/v2\/pages"}],"about":[{"href":"https:\/\/fuksille.indecs.fi\/en\/wp-json\/wp\/v2\/types\/page"}],"author":[{"embeddable":true,"href":"https:\/\/fuksille.indecs.fi\/en\/wp-json\/wp\/v2\/users\/1"}],"replies":[{"embeddable":true,"href":"https:\/\/fuksille.indecs.fi\/en\/wp-json\/wp\/v2\/comments?post=35"}],"version-history":[{"count":90,"href":"https:\/\/fuksille.indecs.fi\/en\/wp-json\/wp\/v2\/pages\/35\/revisions"}],"predecessor-version":[{"id":805,"href":"https:\/\/fuksille.indecs.fi\/en\/wp-json\/wp\/v2\/pages\/35\/revisions\/805"}],"wp:featuredmedia":[{"embeddable":true,"href":"https:\/\/fuksille.indecs.fi\/en\/wp-json\/wp\/v2\/media\/142"}],"wp:attachment":[{"href":"https:\/\/fuksille.indecs.fi\/en\/wp-json\/wp\/v2\/media?parent=35"}],"wp:term":[{"taxonomy":"category","embeddable":true,"href":"https:\/\/fuksille.indecs.fi\/en\/wp-json\/wp\/v2\/categories?post=35"},{"taxonomy":"post_tag","embeddable":true,"href":"https:\/\/fuksille.indecs.fi\/en\/wp-json\/wp\/v2\/tags?post=35"}],"curies":[{"name":"wp","href":"https:\/\/api.w.org\/{rel}","templated":true}]}}