{"id":282,"date":"2023-07-19T11:42:16","date_gmt":"2023-07-19T08:42:16","guid":{"rendered":"https:\/\/fuksille.indecs.fi\/?page_id=282"},"modified":"2023-07-24T13:02:16","modified_gmt":"2023-07-24T10:02:16","slug":"mandecs","status":"publish","type":"page","link":"https:\/\/fuksille.indecs.fi\/en\/etusivu-suomi\/mandecs\/","title":{"rendered":"Mandecs"},"content":{"rendered":"<p class=\" translation-block\"><em>Mandecs<\/em> is a joint name for Indecs and guild of information and knowledge management Man@ger, which stems from close cooperation between the guilds.<\/p>\n\n\n\n<p>During the orientation week many activities for the national students and some for all are done in cooperation by the guilds. As such you will likely hear the term being used at some point.<\/p>\n\n\n\n<div class=\"wp-block-group is-content-justification-center is-nowrap is-layout-flex wp-container-core-group-is-layout-1 wp-block-group-is-layout-flex\">\n<figure class=\"wp-block-image size-large is-resized\"><img loading=\"lazy\" decoding=\"async\" src=\"https:\/\/fuksille.indecs.fi\/wp-content\/uploads\/sites\/7\/2023\/07\/MG_03961-2-1024x1024.jpg\" alt=\"\" class=\"wp-image-291\" width=\"364\" height=\"364\" srcset=\"https:\/\/fuksille.indecs.fi\/wp-content\/uploads\/sites\/7\/2023\/07\/MG_03961-2-1024x1024.jpg 1024w, https:\/\/fuksille.indecs.fi\/wp-content\/uploads\/sites\/7\/2023\/07\/MG_03961-2-300x300.jpg 300w, https:\/\/fuksille.indecs.fi\/wp-content\/uploads\/sites\/7\/2023\/07\/MG_03961-2-150x150.jpg 150w, https:\/\/fuksille.indecs.fi\/wp-content\/uploads\/sites\/7\/2023\/07\/MG_03961-2-768x768.jpg 768w, https:\/\/fuksille.indecs.fi\/wp-content\/uploads\/sites\/7\/2023\/07\/MG_03961-2-1536x1536.jpg 1536w, https:\/\/fuksille.indecs.fi\/wp-content\/uploads\/sites\/7\/2023\/07\/MG_03961-2-2048x2048.jpg 2048w\" sizes=\"(max-width: 364px) 100vw, 364px\" \/><\/figure>\n\n\n\n<figure class=\"wp-block-image size-full is-resized\"><img loading=\"lazy\" decoding=\"async\" src=\"https:\/\/fuksille.indecs.fi\/wp-content\/uploads\/sites\/7\/2023\/07\/MG_06411.jpg\" alt=\"\" class=\"wp-image-293\" width=\"360\" height=\"360\"\/><\/figure>\n<\/div>","protected":false},"excerpt":{"rendered":"<p>Mandecs on yhteisnimitys tietojohtajakilta Man@gerista ja tuotantotalouden kilta Indecsist\u00e4, joka juontaa kiltojen v\u00e4lisest\u00e4 tiiviist\u00e4 yhteisty\u00f6st\u00e4. T\u00e4h\u00e4n vahvaan yhteisty\u00f6h\u00f6n tulette t\u00f6rm\u00e4\u00e4m\u00e4\u00e4n ensimm\u00e4ist\u00e4 kertaa jo orientaatioviikolla sek\u00e4 my\u00f6hemmin koko fuksivuotenne ajan, sill\u00e4 [&hellip;]<\/p>","protected":false},"author":1,"featured_media":0,"parent":35,"menu_order":0,"comment_status":"closed","ping_status":"closed","template":"","meta":{"_uag_custom_page_level_css":"","_EventAllDay":false,"_EventTimezone":"","_EventStartDate":"","_EventEndDate":"","_EventStartDateUTC":"","_EventEndDateUTC":"","_EventShowMap":false,"_EventShowMapLink":false,"_EventURL":"","_EventCost":"","_EventCostDescription":"","_EventCurrencySymbol":"","_EventCurrencyCode":"","_EventCurrencyPosition":"","_EventDateTimeSeparator":"","_EventTimeRangeSeparator":"","_EventOrganizerID":[],"_EventVenueID":[],"_OrganizerEmail":"","_OrganizerPhone":"","_OrganizerWebsite":"","_VenueAddress":"","_VenueCity":"","_VenueCountry":"","_VenueProvince":"","_VenueState":"","_VenueZip":"","_VenuePhone":"","_VenueURL":"","_VenueStateProvince":"","_VenueLat":"","_VenueLng":"","_VenueShowMap":false,"_VenueShowMapLink":false,"footnotes":""},"categories":[],"tags":[],"class_list":["post-282","page","type-page","status-publish","hentry"],"uagb_featured_image_src":{"full":false,"thumbnail":false,"medium":false,"medium_large":false,"large":false,"1536x1536":false,"2048x2048":false,"trp-custom-language-flag":false},"uagb_author_info":{"display_name":"Datatoimari","author_link":"https:\/\/fuksille.indecs.fi\/en\/author\/datatoimari\/"},"uagb_comment_info":0,"uagb_excerpt":"Mandecs on yhteisnimitys tietojohtajakilta Man@gerista ja tuotantotalouden kilta Indecsist\u00e4, joka juontaa kiltojen v\u00e4lisest\u00e4 tiiviist\u00e4 yhteisty\u00f6st\u00e4. T\u00e4h\u00e4n vahvaan yhteisty\u00f6h\u00f6n tulette t\u00f6rm\u00e4\u00e4m\u00e4\u00e4n ensimm\u00e4ist\u00e4 kertaa jo orientaatioviikolla sek\u00e4 my\u00f6hemmin koko fuksivuotenne ajan, sill\u00e4 [&hellip;]","_links":{"self":[{"href":"https:\/\/fuksille.indecs.fi\/en\/wp-json\/wp\/v2\/pages\/282"}],"collection":[{"href":"https:\/\/fuksille.indecs.fi\/en\/wp-json\/wp\/v2\/pages"}],"about":[{"href":"https:\/\/fuksille.indecs.fi\/en\/wp-json\/wp\/v2\/types\/page"}],"author":[{"embeddable":true,"href":"https:\/\/fuksille.indecs.fi\/en\/wp-json\/wp\/v2\/users\/1"}],"replies":[{"embeddable":true,"href":"https:\/\/fuksille.indecs.fi\/en\/wp-json\/wp\/v2\/comments?post=282"}],"version-history":[{"count":4,"href":"https:\/\/fuksille.indecs.fi\/en\/wp-json\/wp\/v2\/pages\/282\/revisions"}],"predecessor-version":[{"id":303,"href":"https:\/\/fuksille.indecs.fi\/en\/wp-json\/wp\/v2\/pages\/282\/revisions\/303"}],"up":[{"embeddable":true,"href":"https:\/\/fuksille.indecs.fi\/en\/wp-json\/wp\/v2\/pages\/35"}],"wp:attachment":[{"href":"https:\/\/fuksille.indecs.fi\/en\/wp-json\/wp\/v2\/media?parent=282"}],"wp:term":[{"taxonomy":"category","embeddable":true,"href":"https:\/\/fuksille.indecs.fi\/en\/wp-json\/wp\/v2\/categories?post=282"},{"taxonomy":"post_tag","embeddable":true,"href":"https:\/\/fuksille.indecs.fi\/en\/wp-json\/wp\/v2\/tags?post=282"}],"curies":[{"name":"wp","href":"https:\/\/api.w.org\/{rel}","templated":true}]}}