{"id":204,"date":"2023-06-28T09:26:17","date_gmt":"2023-06-28T06:26:17","guid":{"rendered":"https:\/\/fuksille.indecs.fi\/?page_id=204"},"modified":"2025-07-26T19:51:29","modified_gmt":"2025-07-26T16:51:29","slug":"sivustot","status":"publish","type":"page","link":"https:\/\/fuksille.indecs.fi\/en\/etusivu-suomi\/sivustot\/","title":{"rendered":"Useful links"},"content":{"rendered":"<div class=\"wp-block-group alignfull has-link-color wp-elements-3b3a490bb205bd7041e012fc7716bfcb has-global-padding is-layout-constrained wp-block-group-is-layout-constrained\">\n<h2 class=\"wp-block-heading\">University services<\/h2>\n\n\n\n<p>A collection of services you will come across during your studies:&nbsp;<\/p>\n\n\n\n<figure class=\"wp-block-table\"><table><tbody><tr><td><a href=\"https:\/\/salasana.tuni.fi\/\" data-type=\"URL\" data-id=\"https:\/\/salasana.tuni.fi\/\" target=\"_blank\" rel=\"noreferrer noopener\">salasana.tuni.fi<\/a><\/td><td class=\" translation-block\">Web page for activating your university account and changing the password.  <strong>It's very important you do this before the start of your studies!\u00a0<\/strong><\/td><\/tr><tr><td><a href=\"https:\/\/www.microsoft365.com\/\" data-type=\"URL\" data-id=\"https:\/\/home.office.com\/\" target=\"_blank\" rel=\"noreferrer noopener\">microsoft365.com<\/a><\/td><td>M365 products are availabe to you with your university account.<\/td><\/tr><tr><td><a href=\"https:\/\/sisu.tuni.fi\" data-type=\"link\" data-id=\"https:\/\/sisu.tuni.fi\" target=\"_blank\" rel=\"noreferrer noopener\">sisu.tuni.fi<\/a><\/td><td class=\" translation-block\">SISU is the platform used by the university for signing up for courses. <strong>You will receive help with the sign ups during the orientation week.<\/strong>\u00a0<\/td><\/tr><tr><td><a rel=\"noreferrer noopener\" href=\"http:\/\/moodle.tuni.fi\/\" target=\"_blank\">moodle.tuni.fi<\/a><\/td><td>Platform for courses used in every day studying.<\/td><\/tr><\/tbody><\/table><\/figure>\n<\/div>\n\n\n\n<div class=\"wp-block-group alignfull has-link-color wp-elements-e4cc7255a18d401c4c8587e48cc3d17f has-global-padding is-layout-constrained wp-block-group-is-layout-constrained\">\n<h2 class=\"wp-block-heading has-link-color wp-elements-271c62c191b1c0f8173fbbbaff6d4f28\">General informtion<\/h2>\n\n\n\n<p>Here are couple links for general information you might find useful.<\/p>\n\n\n\n<figure class=\"wp-block-table\"><table class=\"has-fixed-layout\"><tbody><tr><td><a rel=\"noreferrer noopener\" href=\"http:\/\/teekkarit.fi\/kulttuuri\/teekkarin-abc.html\" target=\"_blank\">Teekkarisanaston lyhyt oppim\u00e4\u00e4r\u00e4<\/a><\/td><td>Information for arriving students provided by the university. !linkin vaihto t\u00e4ss\u00e4 siis<\/td><\/tr><tr><td><a href=\"https:\/\/fuksiopas.trey.fi\/frontpage\/fuksina-opiskelijayhteisossa\/opiskelijakulttuurin-abc\" data-type=\"URL\" data-id=\"https:\/\/fuksiopas.trey.fi\/frontpage\/fuksina-opiskelijayhteisossa\/opiskelijakulttuurin-abc\" target=\"_blank\" rel=\"noreferrer noopener\"><\/a><a rel=\"noreferrer noopener\" href=\"https:\/\/fuksiopas.trey.fi\/frontpage\/fuksina-opiskelijayhteisossa\/opiskelijakulttuurin-abc\" target=\"_blank\"><\/a><a rel=\"noreferrer noopener\" href=\"https:\/\/fuksiopas.trey.fi\/frontpage\/fuksina-opiskelijayhteisossa\/opiskelijakulttuurin-abc\" target=\"_blank\">Hieman opintopainotteisempi katsaus sanastoon<\/a><\/td><td>Glossery of terms related to student culture maintained by the Tampere student union (TREY).<\/td><\/tr><\/tbody><\/table><\/figure>\n\n\n\n<p>My\u00f6s <a href=\"https:\/\/indecs.fi\/infacto\/\" data-type=\"URL\" data-id=\"https:\/\/indecs.fi\/infacto\/\" target=\"_blank\" rel=\"noreferrer noopener\">kiltalehtemme Infacton<\/a> tulevasta t\u00e4m\u00e4n vuoden 3. painoksesta tulee l\u00f6ytym\u00e4\u00e4n teekkarisanastoa!<\/p>\n<\/div>\n\n\n\n<div class=\"wp-block-group alignfull has-link-color wp-elements-8145c6186acffca4b4acbe567ba2ff68 has-global-padding is-layout-constrained wp-block-group-is-layout-constrained\">\n<h2 class=\"wp-block-heading\">Telegram<\/h2>\n\n\n\n<p class=\" translation-block\">Telegram is the most popular method of communication in our university. As such there are many useful Telegram channels you might want to join.<\/p>\n\n\n\n<figure class=\"wp-block-table\"><table><tbody><tr><td><a rel=\"noreferrer noopener\" href=\"http:\/\/t.me\/treytiedottaa\" target=\"_blank\">t.me\/treytiedottaa<\/a><\/td><td>Student unions information channel<\/td><\/tr><tr><td><a rel=\"noreferrer noopener\" href=\"http:\/\/t.me\/tampereenteekkarit\" target=\"_blank\">t.me\/tampereenteekkarit<\/a><\/td><td>Tampereeen teekkarit (technical students) information channel<\/td><\/tr><tr><td><a rel=\"noreferrer noopener\" href=\"http:\/\/t.me\/indecs\" target=\"_blank\">t.me\/indecs<\/a><\/td><td>The guilds own information channel<\/td><\/tr><tr><td><a href=\"https:\/\/t.me\/+Ei9ay9sMGJJkNTI0\" data-type=\"URL\" data-id=\"https:\/\/t.me\/+ExzRkmGmEvo1ODg0\" target=\"_blank\" rel=\"noreferrer noopener\">Indecs fuksi's 2025 group<\/a><\/td><td>Channel for all Indecs fuksis<\/td><\/tr><tr><td><a href=\"https:\/\/t.me\/+T1PKJYTa7k8wNDdk\" data-type=\"link\" data-id=\"https:\/\/t.me\/+T1PKJYTa7k8wNDdk\" target=\"_blank\" rel=\"noreferrer noopener\">Indecs fuksi-info channel<\/a><\/td><td>Channel for international students of Indecs !eri<\/td><\/tr><\/tbody><\/table><\/figure>\n<\/div>\n\n\n\n<div class=\"wp-block-group alignfull has-link-color wp-elements-e9af4e1d41e55c863851d424a040325c has-global-padding is-layout-constrained wp-block-group-is-layout-constrained\">\n<h2 class=\"wp-block-heading\">Other links of potential interest<\/h2>\n\n\n\n<figure class=\"wp-block-table\"><table class=\"has-fixed-layout\"><tbody><tr><td><a href=\"https:\/\/indecs.fi\" data-type=\"URL\" data-id=\"https:\/\/indecs.fi\" target=\"_blank\" rel=\"noreferrer noopener\"><\/a><a rel=\"noreferrer noopener\" href=\"http:\/\/indecs.fi\/\" target=\"_blank\">indecs.fi<\/a><\/td><td>Indecs' homepage<\/td><\/tr><tr><td><a rel=\"noreferrer noopener\" href=\"https:\/\/fuksiopas.trey.fi\/frontpage\/fuksina-opiskelijayhteisossa\/opiskelijakulttuurin-abc\" data-type=\"URL\" data-id=\"https:\/\/fuksiopas.trey.fi\/frontpage\/fuksina-opiskelijayhteisossa\/opiskelijakulttuurin-abc\" target=\"_blank\"><\/a><a rel=\"noreferrer noopener\" href=\"https:\/\/fuksiopas.trey.fi\/frontpage\/fuksina-opiskelijayhteisossa\/opiskelijakulttuurin-abc\" target=\"_blank\"><\/a><a rel=\"noreferrer noopener\" href=\"https:\/\/fuksille.indecs.fi\/en\/\" target=\"_blank\">fuksille.indecs.fi<\/a><\/td><td>Indecs' fuksi pages (you are here &lt;3)<\/td><\/tr><tr><td><a rel=\"noreferrer noopener\" href=\"http:\/\/indecs.kuvat.fi\/\" target=\"_blank\">indecs.kuvat.fi<\/a><\/td><td>Indecs' event pictures gallery<\/td><\/tr><tr><td><a rel=\"noreferrer noopener\" href=\"http:\/\/trey.kuvat.fi\/\" target=\"_blank\">trey.kuvat.fi<\/a><\/td><td>Student union's event pictures gallery<\/td><\/tr><\/tbody><\/table><\/figure>\n<\/div>\n\n\n\n<p><\/p>","protected":false},"excerpt":{"rendered":"<p>Opintoihin liittyv\u00e4t palvelut Koottuna palveluja, joihin tulette t\u00f6rm\u00e4\u00e4m\u00e4\u00e4n opiskeluiden lomassa:&nbsp; salasana.tuni.fi Yliopiston oman s\u00e4hk\u00f6postin aktivointi sek\u00e4 salasanan vaihto hoituvat t\u00e4\u00e4ll\u00e4. On todella t\u00e4rke\u00e4\u00e4, ett\u00e4 aktivoitte tunnukset ennen koulun alkua!&nbsp; microsoft365.com [&hellip;]<\/p>","protected":false},"author":1,"featured_media":0,"parent":35,"menu_order":0,"comment_status":"closed","ping_status":"closed","template":"","meta":{"_uag_custom_page_level_css":"","_EventAllDay":false,"_EventTimezone":"","_EventStartDate":"","_EventEndDate":"","_EventStartDateUTC":"","_EventEndDateUTC":"","_EventShowMap":false,"_EventShowMapLink":false,"_EventURL":"","_EventCost":"","_EventCostDescription":"","_EventCurrencySymbol":"","_EventCurrencyCode":"","_EventCurrencyPosition":"","_EventDateTimeSeparator":"","_EventTimeRangeSeparator":"","_EventOrganizerID":[],"_EventVenueID":[],"_OrganizerEmail":"","_OrganizerPhone":"","_OrganizerWebsite":"","_VenueAddress":"","_VenueCity":"","_VenueCountry":"","_VenueProvince":"","_VenueState":"","_VenueZip":"","_VenuePhone":"","_VenueURL":"","_VenueStateProvince":"","_VenueLat":"","_VenueLng":"","_VenueShowMap":false,"_VenueShowMapLink":false,"footnotes":""},"categories":[],"tags":[],"class_list":["post-204","page","type-page","status-publish","hentry"],"uagb_featured_image_src":{"full":false,"thumbnail":false,"medium":false,"medium_large":false,"large":false,"1536x1536":false,"2048x2048":false,"trp-custom-language-flag":false},"uagb_author_info":{"display_name":"Datatoimari","author_link":"https:\/\/fuksille.indecs.fi\/en\/author\/datatoimari\/"},"uagb_comment_info":0,"uagb_excerpt":"Opintoihin liittyv\u00e4t palvelut Koottuna palveluja, joihin tulette t\u00f6rm\u00e4\u00e4m\u00e4\u00e4n opiskeluiden lomassa:&nbsp; salasana.tuni.fi Yliopiston oman s\u00e4hk\u00f6postin aktivointi sek\u00e4 salasanan vaihto hoituvat t\u00e4\u00e4ll\u00e4. On todella t\u00e4rke\u00e4\u00e4, ett\u00e4 aktivoitte tunnukset ennen koulun alkua!&nbsp; microsoft365.com [&hellip;]","_links":{"self":[{"href":"https:\/\/fuksille.indecs.fi\/en\/wp-json\/wp\/v2\/pages\/204"}],"collection":[{"href":"https:\/\/fuksille.indecs.fi\/en\/wp-json\/wp\/v2\/pages"}],"about":[{"href":"https:\/\/fuksille.indecs.fi\/en\/wp-json\/wp\/v2\/types\/page"}],"author":[{"embeddable":true,"href":"https:\/\/fuksille.indecs.fi\/en\/wp-json\/wp\/v2\/users\/1"}],"replies":[{"embeddable":true,"href":"https:\/\/fuksille.indecs.fi\/en\/wp-json\/wp\/v2\/comments?post=204"}],"version-history":[{"count":8,"href":"https:\/\/fuksille.indecs.fi\/en\/wp-json\/wp\/v2\/pages\/204\/revisions"}],"predecessor-version":[{"id":802,"href":"https:\/\/fuksille.indecs.fi\/en\/wp-json\/wp\/v2\/pages\/204\/revisions\/802"}],"up":[{"embeddable":true,"href":"https:\/\/fuksille.indecs.fi\/en\/wp-json\/wp\/v2\/pages\/35"}],"wp:attachment":[{"href":"https:\/\/fuksille.indecs.fi\/en\/wp-json\/wp\/v2\/media?parent=204"}],"wp:term":[{"taxonomy":"category","embeddable":true,"href":"https:\/\/fuksille.indecs.fi\/en\/wp-json\/wp\/v2\/categories?post=204"},{"taxonomy":"post_tag","embeddable":true,"href":"https:\/\/fuksille.indecs.fi\/en\/wp-json\/wp\/v2\/tags?post=204"}],"curies":[{"name":"wp","href":"https:\/\/api.w.org\/{rel}","templated":true}]}}