{"id":201,"date":"2023-06-28T09:11:35","date_gmt":"2023-06-28T06:11:35","guid":{"rendered":"https:\/\/fuksille.indecs.fi\/?page_id=201"},"modified":"2025-07-18T12:48:38","modified_gmt":"2025-07-18T09:48:38","slug":"opinnot","status":"publish","type":"page","link":"https:\/\/fuksille.indecs.fi\/en\/etusivu-suomi\/opinnot\/","title":{"rendered":"IEM studies"},"content":{"rendered":"<p class=\"has-link-color wp-elements-9311b17702b0f1607ca56bcc45662568\">Syksyll\u00e4 opinnot py\u00f6r\u00e4ht\u00e4v\u00e4t k\u00e4yntiin maanantaina 25.8. heti orientaatioviikon j\u00e4lkeen. Osa fuksisyksyn kursseista k\u00e4sittelee tuttuja asioita, mutta osalla p\u00e4\u00e4set syventym\u00e4\u00e4n johonkin aivan uuteen. T\u00e4ss\u00e4 pieni katsaus fuksisyksyn kursseihin!\u00a0<\/p>\n\n\n\n<p class=\"has-cyan-bluish-gray-background-color has-background has-link-color wp-elements-2ac1d97e5b9fd8946f945ffe6f1dcf84\"><strong>Kurssivalinnoista EI TARVITSE HUOLEHTIA ennen orientaatioviikkoa.<\/strong> Ne tehd\u00e4\u00e4n orientaatioviikolla tuutorien, koulutusasiantuntijoiden ja opintoneuvojien kanssa yhdess\u00e4!\u00a0Kuitenkin<strong>, jos sinulla on aikaisempia (korkeakoulu)opintoja suoritettuna<\/strong>, olethan yhteydess\u00e4 ennen koulun alkua tuotantotalouden koulutusasiantuntijaan Suvi Yli-\u00c4yh\u00f6\u00f6n: <a href=\"mailto:tuta.opiskelu.tau@tuni.fi\" target=\"_blank\" rel=\"noreferrer noopener\">tuta.opiskelu.tau@tuni.fi<\/a>.\u00a0<\/p>\n\n\n\n<h2 class=\"wp-block-heading has-link-color wp-elements-96ac0f7b19556cb952f91ad247283fc6\">Fuksisyksyn kursseja<\/h2>\n\n\n\n<figure class=\"wp-block-table\"><table><tbody><tr><td>Teknis-taloudellinen toimintaymp\u00e4rist\u00f6 (TEKTAL) (5 op) <\/td><td>Kurssi on tekniikan alan johdantokurssi tutalaisille ja tietojohtajille, jossa p\u00e4\u00e4set tutustumaan etenkin tekniikan ja talouden vaikutuksiin yhteiskunnassa. T\u00e4ll\u00e4 kurssilla opitaan my\u00f6s mm. yliopistossa tarvittavia ty\u00f6skentelytapoja, kuten l\u00e4hteiden etsimist\u00e4 ja tieteellist\u00e4 kirjoittamista.&nbsp;<\/td><\/tr><tr><td>Teollisuustalouden perusteet (TETAPK) (5 op)&nbsp;<\/td><td>Teollisuustalouden perusteet, eli tuttavallisemmin TETAPK, on tuotantotalouden peruskurssi. Opit kurssilla muun muassa liiketoiminnan edellytyksist\u00e4 sek\u00e4 yritysten toiminnasta. <em>\u201dKurssien mersu\u201d<\/em>, sanoisi kuka tahansa TETAPK assari (kurssiassistentti).&nbsp;<\/td><\/tr><tr><td>Tietojohtamisen perusteet (TIJOPK) (5 op)&nbsp;<\/td><td>T\u00e4ll\u00e4 kurssilla opit, mit\u00e4 tieto on, miten sit\u00e4 voidaan johtaa sek\u00e4 kuinka se n\u00e4kyy organisaatioiden toiminnassa. T\u00e4rke\u00e4\u00e4 nykyp\u00e4iv\u00e4n tietointensiivisess\u00e4 yhteiskunnassa.&nbsp;&nbsp;<\/td><\/tr><tr><td>Matematiikan peruskurssit (5 op\/kpl)&nbsp;<\/td><td>Matematiikan peruskurssit antavat hyv\u00e4n pohjan tuleville opinnoille ja ovat osa tuotantotalouden opintojen teknist\u00e4 puolta. Siisp\u00e4 n\u00e4m\u00e4 kannattaakin suorittaa heti fuksisyksyn\u00e4 pois alta. Ensimm\u00e4isen\u00e4 opinnoissa p\u00e4\u00e4set perehtym\u00e4\u00e4n Analyysin peruskurssiin sek\u00e4 Vektoreihin ja matriiseihin.&nbsp;<\/td><\/tr><tr><td>Ruotsia ty\u00f6el\u00e4m\u00e4\u00e4n (3 op)&nbsp;<\/td><td>Eli kuuluisa \u201dvirkamiesruotsi\u201d! T\u00e4t\u00e4 kurssia ei todellakaan kannata kuumotella, vaikka ruotsintaidot eiv\u00e4t tuntuisi itsest\u00e4si vahvoilta. Voimme luvata, ett\u00e4 kaikki p\u00e4\u00e4sev\u00e4t t\u00e4st\u00e4 kyll\u00e4 l\u00e4pi! Toisaalta voimme l\u00e4mpim\u00e4sti suositella suorittamaan kurssin heti ensimm\u00e4isen\u00e4 syksyn\u00e4 pois p\u00e4iv\u00e4j\u00e4rjestyksest\u00e4\u2026&nbsp;<\/td><\/tr><tr><td>Monikielinen johdanto (2 op)&nbsp;<\/td><td>Opintojaksolla p\u00e4\u00e4set tutustumaan akateemisten tekstien tuottamiseen ja lukemiseen, akateemiseen vuorovaikutukseen sek\u00e4 kieltenoppimiseen.&nbsp;&nbsp;<\/td><\/tr><\/tbody><\/table><\/figure>\n\n\n\n<p class=\"has-link-color wp-elements-1be8a8b7c67e4c9adc5744d27954b205\">Jos mik\u00e4 tahansa opinnoista mietitytt\u00e4\u00e4, kannattaa kysy\u00e4 tuutoreilta, vanhemmilta Indecsl\u00e4isilt\u00e4, tuotantotalouden opintoneuvojalta tai tuotantotalouden koulutusasiantuntijalta. Tyhmi\u00e4 kysymyksi\u00e4 n\u00e4ihin liittyen ei ole!&nbsp;<\/p>\n\n\n\n<p class=\"has-link-color wp-elements-bd92478f87fd2b3cae39347ad17e195f\">Jos haluat lukea enemm\u00e4n kursseista, p\u00e4\u00e4set tekem\u00e4\u00e4n sen Tampereen Yliopiston sivuilta:<br><br><a rel=\"noreferrer noopener\" href=\"https:\/\/www.tuni.fi\/fi\/tule-opiskelemaan\/tuotantotalousteknis-taloudellinen-koulutus#expander-trigger--field-degree-structure-studies\" target=\"_blank\">Tuotantotalouden koulutusohjelma<\/a><br><br><a rel=\"noreferrer noopener\" href=\"https:\/\/www.tuni.fi\/fi\/opiskelijan-opas\/tampereen-yliopiston-opiskelijan-opas\" target=\"_blank\">Tampereen yliopiston opiskelijan opas<\/a>&nbsp;<\/p>","protected":false},"excerpt":{"rendered":"<p>Syksyll\u00e4 opinnot py\u00f6r\u00e4ht\u00e4v\u00e4t k\u00e4yntiin maanantaina 25.8. heti orientaatioviikon j\u00e4lkeen. Osa fuksisyksyn kursseista k\u00e4sittelee tuttuja asioita, mutta osalla p\u00e4\u00e4set syventym\u00e4\u00e4n johonkin aivan uuteen. T\u00e4ss\u00e4 pieni katsaus fuksisyksyn kursseihin!\u00a0 Kurssivalinnoista EI TARVITSE [&hellip;]<\/p>","protected":false},"author":1,"featured_media":0,"parent":35,"menu_order":0,"comment_status":"closed","ping_status":"closed","template":"","meta":{"_uag_custom_page_level_css":"","_EventAllDay":false,"_EventTimezone":"","_EventStartDate":"","_EventEndDate":"","_EventStartDateUTC":"","_EventEndDateUTC":"","_EventShowMap":false,"_EventShowMapLink":false,"_EventURL":"","_EventCost":"","_EventCostDescription":"","_EventCurrencySymbol":"","_EventCurrencyCode":"","_EventCurrencyPosition":"","_EventDateTimeSeparator":"","_EventTimeRangeSeparator":"","_EventOrganizerID":[],"_EventVenueID":[],"_OrganizerEmail":"","_OrganizerPhone":"","_OrganizerWebsite":"","_VenueAddress":"","_VenueCity":"","_VenueCountry":"","_VenueProvince":"","_VenueState":"","_VenueZip":"","_VenuePhone":"","_VenueURL":"","_VenueStateProvince":"","_VenueLat":"","_VenueLng":"","_VenueShowMap":false,"_VenueShowMapLink":false,"footnotes":""},"categories":[],"tags":[],"class_list":["post-201","page","type-page","status-publish","hentry"],"uagb_featured_image_src":{"full":false,"thumbnail":false,"medium":false,"medium_large":false,"large":false,"1536x1536":false,"2048x2048":false,"trp-custom-language-flag":false},"uagb_author_info":{"display_name":"Datatoimari","author_link":"https:\/\/fuksille.indecs.fi\/en\/author\/datatoimari\/"},"uagb_comment_info":0,"uagb_excerpt":"Syksyll\u00e4 opinnot py\u00f6r\u00e4ht\u00e4v\u00e4t k\u00e4yntiin maanantaina 25.8. heti orientaatioviikon j\u00e4lkeen. Osa fuksisyksyn kursseista k\u00e4sittelee tuttuja asioita, mutta osalla p\u00e4\u00e4set syventym\u00e4\u00e4n johonkin aivan uuteen. T\u00e4ss\u00e4 pieni katsaus fuksisyksyn kursseihin!\u00a0 Kurssivalinnoista EI TARVITSE [&hellip;]","_links":{"self":[{"href":"https:\/\/fuksille.indecs.fi\/en\/wp-json\/wp\/v2\/pages\/201","targetHints":{"allow":["GET"]}}],"collection":[{"href":"https:\/\/fuksille.indecs.fi\/en\/wp-json\/wp\/v2\/pages"}],"about":[{"href":"https:\/\/fuksille.indecs.fi\/en\/wp-json\/wp\/v2\/types\/page"}],"author":[{"embeddable":true,"href":"https:\/\/fuksille.indecs.fi\/en\/wp-json\/wp\/v2\/users\/1"}],"replies":[{"embeddable":true,"href":"https:\/\/fuksille.indecs.fi\/en\/wp-json\/wp\/v2\/comments?post=201"}],"version-history":[{"count":4,"href":"https:\/\/fuksille.indecs.fi\/en\/wp-json\/wp\/v2\/pages\/201\/revisions"}],"predecessor-version":[{"id":789,"href":"https:\/\/fuksille.indecs.fi\/en\/wp-json\/wp\/v2\/pages\/201\/revisions\/789"}],"up":[{"embeddable":true,"href":"https:\/\/fuksille.indecs.fi\/en\/wp-json\/wp\/v2\/pages\/35"}],"wp:attachment":[{"href":"https:\/\/fuksille.indecs.fi\/en\/wp-json\/wp\/v2\/media?parent=201"}],"wp:term":[{"taxonomy":"category","embeddable":true,"href":"https:\/\/fuksille.indecs.fi\/en\/wp-json\/wp\/v2\/categories?post=201"},{"taxonomy":"post_tag","embeddable":true,"href":"https:\/\/fuksille.indecs.fi\/en\/wp-json\/wp\/v2\/tags?post=201"}],"curies":[{"name":"wp","href":"https:\/\/api.w.org\/{rel}","templated":true}]}}