{"id":184,"date":"2023-06-27T20:34:33","date_gmt":"2023-06-27T17:34:33","guid":{"rendered":"https:\/\/fuksille.indecs.fi\/?page_id=184"},"modified":"2023-07-29T14:49:02","modified_gmt":"2023-07-29T11:49:02","slug":"kilta","status":"publish","type":"page","link":"https:\/\/fuksille.indecs.fi\/en\/etusivu-suomi\/kilta\/","title":{"rendered":"Guild"},"content":{"rendered":"<div class=\"wp-block-columns is-layout-flex wp-container-core-columns-is-layout-1 wp-block-columns-is-layout-flex\">\n<div class=\"wp-block-column is-vertically-aligned-center is-layout-flow wp-block-column-is-layout-flow\" style=\"flex-basis:66.66%\">\n<p><a rel=\"noreferrer noopener\" href=\"https:\/\/fi.wikipedia.org\/wiki\/Tuotantotalouden_kilta_Indecs\" target=\"_blank\">Indecs ry<\/a> is the student\u2019s association of Industrial Engineering and Management at the Tampere University. Indecs exists to connect students of the degree and provide them fun activities, help with studies and an opportunity to influence the direction of the university.<\/p>\n<\/div>\n\n\n\n<div class=\"wp-block-column is-layout-flow wp-block-column-is-layout-flow\" style=\"flex-basis:33.33%\">\n<figure class=\"wp-block-image aligncenter size-full is-resized\"><img loading=\"lazy\" decoding=\"async\" src=\"http:\/\/fuksille.indecs.fi\/wp-content\/uploads\/sites\/7\/2021\/07\/cropped-Indecs_logo_ei_tekstia.png\" alt=\"\" class=\"wp-image-30\" width=\"183\" height=\"183\" srcset=\"https:\/\/fuksille.indecs.fi\/wp-content\/uploads\/sites\/7\/2021\/07\/cropped-Indecs_logo_ei_tekstia.png 512w, https:\/\/fuksille.indecs.fi\/wp-content\/uploads\/sites\/7\/2021\/07\/cropped-Indecs_logo_ei_tekstia-300x300.png 300w, https:\/\/fuksille.indecs.fi\/wp-content\/uploads\/sites\/7\/2021\/07\/cropped-Indecs_logo_ei_tekstia-150x150.png 150w\" sizes=\"(max-width: 183px) 100vw, 183px\" \/><\/figure>\n<\/div>\n<\/div>\n\n\n\n<h2 class=\"wp-block-heading\">Guild room<\/h2>\n\n\n\n<div class=\"wp-block-columns is-layout-flex wp-container-core-columns-is-layout-2 wp-block-columns-is-layout-flex\">\n<div class=\"wp-block-column is-layout-flow wp-block-column-is-layout-flow\" style=\"flex-basis:66.66%\">\n<p>Guild room <em>(also known simply as the guild)<\/em> is the common space of the members of the guild which is open to everyone during opening hours. In the guild you can enjoy free coffee for members, play games, study or just relax on the sofa with your guild mates. The Indecs guild room is located in a corridor in konetalo, known as the guild corridor, where you can also find our neighboring guilds <a rel=\"noreferrer noopener\" href=\"https:\/\/ymparistoteekkarikilta.fi\/\" target=\"_blank\">YKI<\/a>, <a rel=\"noreferrer noopener\" href=\"https:\/\/www.tietojohtajakilta.net\/\" target=\"_blank\">Man@ger<\/a> and the services of <a rel=\"noreferrer noopener\" href=\"https:\/\/koneenrakentajakilta.fi\/\" target=\"_blank\">KoRK<\/a>. You\u2019ll definitely get to know the guild during the orientation week, and it\u2019s a place worth spending time in later on!<\/p>\n<\/div>\n\n\n\n<div class=\"wp-block-column is-layout-flow wp-block-column-is-layout-flow\" style=\"flex-basis:33.33%\">\n<figure class=\"wp-block-image aligncenter size-large is-resized\"><img loading=\"lazy\" decoding=\"async\" src=\"http:\/\/fuksille.indecs.fi\/wp-content\/uploads\/sites\/7\/2023\/06\/DSC_0450-1536x1024-1-1024x683.jpg\" alt=\"\" class=\"wp-image-188\" width=\"310\" height=\"206\" srcset=\"https:\/\/fuksille.indecs.fi\/wp-content\/uploads\/sites\/7\/2023\/06\/DSC_0450-1536x1024-1-1024x683.jpg 1024w, https:\/\/fuksille.indecs.fi\/wp-content\/uploads\/sites\/7\/2023\/06\/DSC_0450-1536x1024-1-300x200.jpg 300w, https:\/\/fuksille.indecs.fi\/wp-content\/uploads\/sites\/7\/2023\/06\/DSC_0450-1536x1024-1-768x512.jpg 768w, https:\/\/fuksille.indecs.fi\/wp-content\/uploads\/sites\/7\/2023\/06\/DSC_0450-1536x1024-1.jpg 1536w\" sizes=\"(max-width: 310px) 100vw, 310px\" \/><\/figure>\n<\/div>\n<\/div>\n\n\n\n<h2 class=\"wp-block-heading\">Activity of the guild<\/h2>\n\n\n\n<p class=\" translation-block\">The members of the guild are served by <a rel=\"noreferrer noopener\" href=\"https:\/\/indecs.fi\/hallitus\/\" target=\"_blank\">a board<\/a> consisting of around 30 volunteers amongst its members. The board runs the guild's activities, including organising events and looking after the guild room. In the <a rel=\"noreferrer noopener\" href=\"https:\/\/indecs.fi\/tapahtumakalenteri\" target=\"_blank\">events calendar<\/a> you can find different events varying from academical and career events to student parties and well-being events. You can get a look of the events from  <a rel=\"noreferrer noopener\" href=\"https:\/\/indecs.kuvat.fi\" target=\"_blank\">Indecs' picture gallery!<\/a><\/p>\n\n\n\n<h2 class=\"wp-block-heading\">Joining the guild<\/h2>\n\n\n\n<p>To enjoy the perks of membership you must join the guild by paying a membership fee of 5 euros. The membership fee is valid for one season at a time, from September to September. You can become a member during the orientation week!<\/p>","protected":false},"excerpt":{"rendered":"<p>Indecs ry on Tampereen yliopiston tuotantotalouden opiskelijoiden ainej\u00e4rjest\u00f6. Indecs j\u00e4rjest\u00e4\u00e4 j\u00e4senist\u00f6lleen paljon hulvattomia tapahtumia, tukee opiskelujen haasteissa sek\u00e4 vaikuttaa yliopiston opetuksen kehitt\u00e4miseen. Kiltahuone Kiltahuone (tunnetaan my\u00f6s nimelt\u00e4 kilta) on killan [&hellip;]<\/p>","protected":false},"author":1,"featured_media":189,"parent":35,"menu_order":0,"comment_status":"closed","ping_status":"closed","template":"","meta":{"_uag_custom_page_level_css":"","_EventAllDay":false,"_EventTimezone":"","_EventStartDate":"","_EventEndDate":"","_EventStartDateUTC":"","_EventEndDateUTC":"","_EventShowMap":false,"_EventShowMapLink":false,"_EventURL":"","_EventCost":"","_EventCostDescription":"","_EventCurrencySymbol":"","_EventCurrencyCode":"","_EventCurrencyPosition":"","_EventDateTimeSeparator":"","_EventTimeRangeSeparator":"","_EventOrganizerID":[],"_EventVenueID":[],"_OrganizerEmail":"","_OrganizerPhone":"","_OrganizerWebsite":"","_VenueAddress":"","_VenueCity":"","_VenueCountry":"","_VenueProvince":"","_VenueState":"","_VenueZip":"","_VenuePhone":"","_VenueURL":"","_VenueStateProvince":"","_VenueLat":"","_VenueLng":"","_VenueShowMap":false,"_VenueShowMapLink":false,"footnotes":""},"categories":[],"tags":[],"class_list":["post-184","page","type-page","status-publish","has-post-thumbnail","hentry"],"uagb_featured_image_src":{"full":["https:\/\/fuksille.indecs.fi\/wp-content\/uploads\/sites\/7\/2023\/06\/DSC_0469-1536x1024-1.jpg",1536,1024,false],"thumbnail":["https:\/\/fuksille.indecs.fi\/wp-content\/uploads\/sites\/7\/2023\/06\/DSC_0469-1536x1024-1-150x150.jpg",150,150,true],"medium":["https:\/\/fuksille.indecs.fi\/wp-content\/uploads\/sites\/7\/2023\/06\/DSC_0469-1536x1024-1-300x200.jpg",300,200,true],"medium_large":["https:\/\/fuksille.indecs.fi\/wp-content\/uploads\/sites\/7\/2023\/06\/DSC_0469-1536x1024-1-768x512.jpg",768,512,true],"large":["https:\/\/fuksille.indecs.fi\/wp-content\/uploads\/sites\/7\/2023\/06\/DSC_0469-1536x1024-1-1024x683.jpg",1024,683,true],"1536x1536":["https:\/\/fuksille.indecs.fi\/wp-content\/uploads\/sites\/7\/2023\/06\/DSC_0469-1536x1024-1.jpg",1536,1024,false],"2048x2048":["https:\/\/fuksille.indecs.fi\/wp-content\/uploads\/sites\/7\/2023\/06\/DSC_0469-1536x1024-1.jpg",1536,1024,false],"trp-custom-language-flag":["https:\/\/fuksille.indecs.fi\/wp-content\/uploads\/sites\/7\/2023\/06\/DSC_0469-1536x1024-1.jpg",18,12,false]},"uagb_author_info":{"display_name":"Datatoimari","author_link":"https:\/\/fuksille.indecs.fi\/en\/author\/datatoimari\/"},"uagb_comment_info":0,"uagb_excerpt":"Indecs ry on Tampereen yliopiston tuotantotalouden opiskelijoiden ainej\u00e4rjest\u00f6. Indecs j\u00e4rjest\u00e4\u00e4 j\u00e4senist\u00f6lleen paljon hulvattomia tapahtumia, tukee opiskelujen haasteissa sek\u00e4 vaikuttaa yliopiston opetuksen kehitt\u00e4miseen. Kiltahuone Kiltahuone (tunnetaan my\u00f6s nimelt\u00e4 kilta) on killan [&hellip;]","_links":{"self":[{"href":"https:\/\/fuksille.indecs.fi\/en\/wp-json\/wp\/v2\/pages\/184"}],"collection":[{"href":"https:\/\/fuksille.indecs.fi\/en\/wp-json\/wp\/v2\/pages"}],"about":[{"href":"https:\/\/fuksille.indecs.fi\/en\/wp-json\/wp\/v2\/types\/page"}],"author":[{"embeddable":true,"href":"https:\/\/fuksille.indecs.fi\/en\/wp-json\/wp\/v2\/users\/1"}],"replies":[{"embeddable":true,"href":"https:\/\/fuksille.indecs.fi\/en\/wp-json\/wp\/v2\/comments?post=184"}],"version-history":[{"count":5,"href":"https:\/\/fuksille.indecs.fi\/en\/wp-json\/wp\/v2\/pages\/184\/revisions"}],"predecessor-version":[{"id":321,"href":"https:\/\/fuksille.indecs.fi\/en\/wp-json\/wp\/v2\/pages\/184\/revisions\/321"}],"up":[{"embeddable":true,"href":"https:\/\/fuksille.indecs.fi\/en\/wp-json\/wp\/v2\/pages\/35"}],"wp:featuredmedia":[{"embeddable":true,"href":"https:\/\/fuksille.indecs.fi\/en\/wp-json\/wp\/v2\/media\/189"}],"wp:attachment":[{"href":"https:\/\/fuksille.indecs.fi\/en\/wp-json\/wp\/v2\/media?parent=184"}],"wp:term":[{"taxonomy":"category","embeddable":true,"href":"https:\/\/fuksille.indecs.fi\/en\/wp-json\/wp\/v2\/categories?post=184"},{"taxonomy":"post_tag","embeddable":true,"href":"https:\/\/fuksille.indecs.fi\/en\/wp-json\/wp\/v2\/tags?post=184"}],"curies":[{"name":"wp","href":"https:\/\/api.w.org\/{rel}","templated":true}]}}